{"id":2242,"date":"2016-11-07T10:47:28","date_gmt":"2016-11-07T09:47:28","guid":{"rendered":"http:\/\/mollificioadriese.com\/test\/fr\/?page_id=2242"},"modified":"2023-04-11T10:15:29","modified_gmt":"2023-04-11T08:15:29","slug":"contacts","status":"publish","type":"page","link":"https:\/\/mollificioadriese.com\/fr\/contacts\/","title":{"rendered":"CONTATTI"},"content":{"rendered":"<p><div class=\"fusion-fullwidth fullwidth-box fusion-builder-row-1 fusion-flex-container hundred-percent-fullwidth non-hundred-percent-height-scrolling\" style=\"background-color: #ffffff;background-position: left top;background-repeat: no-repeat;border-width: 0px 0px 0px 0px;border-color:#eae9e9;border-style:solid;\" ><div class=\"fusion-builder-row fusion-row fusion-flex-align-items-stretch\" style=\"width:calc( 100% + 0px ) !important;max-width:calc( 100% + 0px ) !important;margin-left: calc(-0px \/ 2 );margin-right: calc(-0px \/ 2 );\"><div class=\"fusion-layout-column fusion_builder_column fusion-builder-column-0 fusion_builder_column_1_2 1_2 fusion-flex-column\"><div class=\"fusion-column-wrapper fusion-flex-justify-content-center fusion-content-layout-column\" style=\"background-position:left top;background-repeat:no-repeat;-webkit-background-size:cover;-moz-background-size:cover;-o-background-size:cover;background-size:cover;background-color:#eae9e9;padding: 9% 9% 9% 9%;\"><div class=\"fusion-text fusion-text-1\"><p style=\"text-align: center;\"><strong>Sede:<\/strong> Viale del Lavoro, 25, 27, 29 &#8211; 45010 Villadose (Rovigo) ITALY<br \/>\n<strong>Tel.:<\/strong> +39 0425 90260 &#8211; <strong>Fax<\/strong> +39 0425 405321<br \/>\n<strong> Mail:<\/strong> <a href=\"mailto:info@mollificioadriese.com\">info@mollificioadriese.com<\/a> | <a href=\"mailto:pec@pec.mollificioadriese.com\">pec@pec.mollificioadriese.com<\/a><\/p>\n<p><a href=\"https:\/\/wa.me\/39042590260\"><img decoding=\"async\" class=\"aligncenter size-full wp-image-3495\" src=\"https:\/\/mollificioadriese.com\/wp-content\/uploads\/2023\/04\/whatsapp_chat-1.png\" alt=\"Whatsapp Click To Chat \" width=\"200\" height=\"67\" \/><\/a><\/p>\n<\/div><\/div><style type=\"text\/css\">.fusion-body .fusion-builder-column-0{width:50% !important;margin-top : 0px;margin-bottom : 0px;}.fusion-builder-column-0 > .fusion-column-wrapper {padding-top : 9% !important;padding-right : 9% !important;margin-right : 0px;padding-bottom : 9% !important;padding-left : 9% !important;margin-left : 0px;}@media only screen and (max-width:px) {.fusion-body .fusion-builder-column-0{width:50% !important;}.fusion-builder-column-0 > .fusion-column-wrapper {margin-right : 0px;margin-left : 0px;}}@media only screen and (max-width:px) {.fusion-body .fusion-builder-column-0{width:100% !important;}.fusion-builder-column-0 > .fusion-column-wrapper {margin-right : 0px;margin-left : 0px;}}<\/style><\/div><div class=\"fusion-layout-column fusion_builder_column fusion-builder-column-1 fusion_builder_column_1_2 1_2 fusion-flex-column\"><div class=\"fusion-column-wrapper fusion-flex-justify-content-center fusion-content-layout-column\" style=\"background-position:left top;background-repeat:no-repeat;-webkit-background-size:cover;-moz-background-size:cover;-o-background-size:cover;background-size:cover;padding: 9% 9% 9% 9%;\">\n<div class=\"wpcf7 no-js\" id=\"wpcf7-f2345-o1\" lang=\"en-US\" dir=\"ltr\" data-wpcf7-id=\"2345\">\n<div class=\"screen-reader-response\"><p role=\"status\" aria-live=\"polite\" aria-atomic=\"true\"><\/p> <ul><\/ul><\/div>\n<form action=\"\/fr\/wp-json\/wp\/v2\/pages\/2242#wpcf7-f2345-o1\" method=\"post\" class=\"wpcf7-form init\" aria-label=\"Contact form\" novalidate=\"novalidate\" data-status=\"init\">\n<fieldset class=\"hidden-fields-container\"><input type=\"hidden\" name=\"_wpcf7\" value=\"2345\" \/><input type=\"hidden\" name=\"_wpcf7_version\" value=\"6.1.5\" \/><input type=\"hidden\" name=\"_wpcf7_locale\" value=\"en_US\" \/><input type=\"hidden\" name=\"_wpcf7_unit_tag\" value=\"wpcf7-f2345-o1\" \/><input type=\"hidden\" name=\"_wpcf7_container_post\" value=\"0\" \/><input type=\"hidden\" name=\"_wpcf7_posted_data_hash\" value=\"\" \/><input type=\"hidden\" name=\"_wpcf7_recaptcha_response\" value=\"\" \/>\n<\/fieldset>\n<div class=\"halfInput\">\n\t<p><span class=\"wpcf7-form-control-wrap\" data-name=\"your-name\"><input size=\"40\" maxlength=\"400\" class=\"wpcf7-form-control wpcf7-text wpcf7-validates-as-required\" aria-required=\"true\" aria-invalid=\"false\" placeholder=\"Nome et Pr\u00e9nom*\" value=\"\" type=\"text\" name=\"your-name\" \/><\/span>\n\t<\/p>\n<\/div>\n<div class=\"halfInput\">\n\t<p><span class=\"wpcf7-form-control-wrap\" data-name=\"azienda\"><input size=\"40\" maxlength=\"400\" class=\"wpcf7-form-control wpcf7-text wpcf7-validates-as-required\" aria-required=\"true\" aria-invalid=\"false\" placeholder=\"Enterprise*\" value=\"\" type=\"text\" name=\"azienda\" \/><\/span>\n\t<\/p>\n<\/div>\n<div class=\"halfInput\">\n\t<p><span class=\"wpcf7-form-control-wrap\" data-name=\"your-email\"><input size=\"40\" maxlength=\"400\" class=\"wpcf7-form-control wpcf7-email wpcf7-validates-as-required wpcf7-text wpcf7-validates-as-email\" aria-required=\"true\" aria-invalid=\"false\" placeholder=\"E-mail*\" value=\"\" type=\"email\" name=\"your-email\" \/><\/span>\n\t<\/p>\n<\/div>\n<div class=\"halfInput\">\n\t<p><span class=\"wpcf7-form-control-wrap\" data-name=\"indirizzo\"><input size=\"40\" maxlength=\"400\" class=\"wpcf7-form-control wpcf7-text\" aria-invalid=\"false\" placeholder=\"Addresse\" value=\"\" type=\"text\" name=\"indirizzo\" \/><\/span>\n\t<\/p>\n<\/div>\n<div class=\"halfInput\">\n\t<p><span class=\"wpcf7-form-control-wrap\" data-name=\"citta\"><input size=\"40\" maxlength=\"400\" class=\"wpcf7-form-control wpcf7-text wpcf7-validates-as-required\" aria-required=\"true\" aria-invalid=\"false\" placeholder=\"Ville*\" value=\"\" type=\"text\" name=\"citta\" \/><\/span>\n\t<\/p>\n<\/div>\n<div class=\"halfInput\">\n\t<p><span class=\"wpcf7-form-control-wrap\" data-name=\"telefono\"><input size=\"40\" maxlength=\"400\" class=\"wpcf7-form-control wpcf7-text\" aria-invalid=\"false\" placeholder=\"T\u00e9l\u00e9phone\" value=\"\" type=\"text\" name=\"telefono\" \/><\/span>\n\t<\/p>\n<\/div>\n<div class=\"halfInput\">\n\t<p><span class=\"wpcf7-form-control-wrap\" data-name=\"nazione\"><input size=\"40\" maxlength=\"400\" class=\"wpcf7-form-control wpcf7-text wpcf7-validates-as-required\" aria-required=\"true\" aria-invalid=\"false\" placeholder=\"Nation*\" value=\"\" type=\"text\" name=\"nazione\" \/><\/span>\n\t<\/p>\n<\/div>\n<div class=\"halfInput\">\n\t<p><span class=\"wpcf7-form-control-wrap\" data-name=\"your-subject\"><input size=\"40\" maxlength=\"400\" class=\"wpcf7-form-control wpcf7-text wpcf7-validates-as-required\" aria-required=\"true\" aria-invalid=\"false\" placeholder=\"Objet*\" value=\"\" type=\"text\" name=\"your-subject\" \/><\/span>\n\t<\/p>\n<\/div>\n<p><span class=\"wpcf7-form-control-wrap\" data-name=\"your-message\"><textarea cols=\"40\" rows=\"10\" maxlength=\"2000\" class=\"wpcf7-form-control wpcf7-textarea\" aria-invalid=\"false\" placeholder=\"Message\" name=\"your-message\"><\/textarea><\/span>\n<\/p>\n<div class=\"privacy\">\n\t<p style=\"font-size:10px;\">Le traitement de vos donn\u00e9es \u00e0 caract\u00e8re personnel est r\u00e9alis\u00e9 en conformit\u00e9 avec les dispositions du d\u00e9cret l\u00e9gislatif italien 196\/03. Les donn\u00e9es \u00e0 caract\u00e8re personnel que vous nous avez fournies peuvent faire l\u2019objet d\u2019un traitement conform\u00e9ment \u00e0 la r\u00e9glementation susmentionn\u00e9e. Vos donn\u00e9es ne seront pas communiqu\u00e9es ou divulgu\u00e9es \u00e0 des tiers, et vous pourrez demander, \u00e0 tout moment, leur modification ou leur effacement ou vous opposer \u00e0 leur utilisation, en nous adressant un message par courrier \u00e9lectronique.\n\t<\/p>\n<\/div>\n<p><input class=\"wpcf7-form-control wpcf7-submit has-spinner\" type=\"submit\" value=\"ENVOYER\" \/>\n<\/p><p style=\"display: none !important;\" class=\"akismet-fields-container\" data-prefix=\"_wpcf7_ak_\"><label>&#916;<textarea name=\"_wpcf7_ak_hp_textarea\" cols=\"45\" rows=\"8\" maxlength=\"100\"><\/textarea><\/label><input type=\"hidden\" id=\"ak_js_1\" name=\"_wpcf7_ak_js\" value=\"206\"\/><script>document.getElementById( \"ak_js_1\" ).setAttribute( \"value\", ( new Date() ).getTime() );<\/script><\/p><div class=\"fusion-alert alert custom alert-custom fusion-alert-center wpcf7-response-output alert-dismissable\" role=\"alert\" style=\"border-width:1px;\"><div class=\"fusion-alert-content-wrapper\"><span class=\"fusion-alert-content\"><\/span><\/div><button type=\"button\" class=\"close toggle-alert\" data-dismiss=\"alert\" aria-label=\"Close\">&times;<\/button><\/div>\n<\/form>\n<\/div>\n<\/div><style type=\"text\/css\">.fusion-body .fusion-builder-column-1{width:50% !important;margin-top : 0px;margin-bottom : 0px;}.fusion-builder-column-1 > .fusion-column-wrapper {padding-top : 9% !important;padding-right : 9% !important;margin-right : 0px;padding-bottom : 9% !important;padding-left : 9% !important;margin-left : 0px;}@media only screen and (max-width:px) {.fusion-body .fusion-builder-column-1{width:50% !important;}.fusion-builder-column-1 > .fusion-column-wrapper {margin-right : 0px;margin-left : 0px;}}@media only screen and (max-width:px) {.fusion-body .fusion-builder-column-1{width:100% !important;}.fusion-builder-column-1 > .fusion-column-wrapper {margin-right : 0px;margin-left : 0px;}}<\/style><\/div><\/div><style type=\"text\/css\">.fusion-body .fusion-flex-container.fusion-builder-row-1{ padding-top : 0px;margin-top : 0px;padding-right : 0px;padding-bottom : 0px;margin-bottom : 0px;padding-left : 0px;}<\/style><\/div><div class=\"fusion-fullwidth fullwidth-box fusion-builder-row-2 fusion-flex-container divMappa hundred-percent-fullwidth non-hundred-percent-height-scrolling\" style=\"background-color: #ffffff;background-position: left top;background-repeat: no-repeat;border-width: 0px 0px 0px 0px;border-color:#eae9e9;border-style:solid;\" ><div class=\"fusion-builder-row fusion-row fusion-flex-align-items-flex-start\" style=\"width:104% !important;max-width:104% !important;margin-left: calc(-4% \/ 2 );margin-right: calc(-4% \/ 2 );\"><div class=\"fusion-layout-column fusion_builder_column fusion-builder-column-2 fusion_builder_column_1_1 1_1 fusion-flex-column fusion-flex-align-self-flex-start fusion-column-no-min-height\"><div class=\"fusion-column-wrapper fusion-flex-justify-content-flex-start fusion-content-layout-column\" style=\"background-position:left top;background-repeat:no-repeat;-webkit-background-size:cover;-moz-background-size:cover;-o-background-size:cover;background-size:cover;padding: 0px 0px 0px 0px;\"><iframe src=\"https:\/\/www.google.com\/maps\/embed?pb=!1m18!1m12!1m3!1d2818.273682992994!2d11.921968316085271!3d45.059958979098376!2m3!1f0!2f0!3f0!3m2!1i1024!2i768!4f13.1!3m3!1m2!1s0x477efe5e87f16103%3A0x8dbc20c454c5bf36!2sMollificio+Adriese!5e0!3m2!1sit!2sit!4v1476093751476\" width=\"100%\" height=\"550\" frameborder=\"0\" style=\"border:0\" allowfullscreen><\/iframe><\/div><style type=\"text\/css\">.fusion-body .fusion-builder-column-2{width:100% !important;margin-top : 0px;margin-bottom : 0px;}.fusion-builder-column-2 > .fusion-column-wrapper {padding-top : 0px !important;padding-right : 0px !important;margin-right : 1.92%;padding-bottom : 0px !important;padding-left : 0px !important;margin-left : 1.92%;}@media only screen and (max-width:px) {.fusion-body .fusion-builder-column-2{width:100% !important;}.fusion-builder-column-2 > .fusion-column-wrapper {margin-right : 1.92%;margin-left : 1.92%;}}@media only screen and (max-width:px) {.fusion-body .fusion-builder-column-2{width:100% !important;}.fusion-builder-column-2 > .fusion-column-wrapper {margin-right : 1.92%;margin-left : 1.92%;}}<\/style><\/div><\/div><style type=\"text\/css\">.fusion-body .fusion-flex-container.fusion-builder-row-2{ padding-top : 0px;margin-top : 0px;padding-right : 0px;padding-bottom : 0px;margin-bottom : 0px;padding-left : 0px;}<\/style><\/div><\/p>\n","protected":false},"excerpt":{"rendered":"","protected":false},"author":1,"featured_media":0,"parent":0,"menu_order":0,"comment_status":"open","ping_status":"closed","template":"100-width.php","meta":{"footnotes":""},"class_list":["post-2242","page","type-page","status-publish","hentry"],"yoast_head":"<!-- This site is optimized with the Yoast SEO plugin v27.4 - https:\/\/yoast.com\/product\/yoast-seo-wordpress\/ -->\n<title>Contacts - Mollificio Adriese<\/title>\n<meta name=\"robots\" content=\"index, follow, max-snippet:-1, max-image-preview:large, max-video-preview:-1\" \/>\n<link rel=\"canonical\" href=\"https:\/\/mollificioadriese.com\/fr\/contacts\/\" \/>\n<meta property=\"og:locale\" content=\"fr_FR\" \/>\n<meta property=\"og:type\" content=\"article\" \/>\n<meta property=\"og:title\" content=\"Contacts - Mollificio Adriese\" \/>\n<meta property=\"og:url\" content=\"https:\/\/mollificioadriese.com\/fr\/contacts\/\" \/>\n<meta property=\"og:site_name\" content=\"Mollificio Adriese\" \/>\n<meta property=\"article:modified_time\" content=\"2023-04-11T08:15:29+00:00\" \/>\n<meta property=\"og:image\" content=\"https:\/\/mollificioadriese.com\/wp-content\/uploads\/2023\/04\/whatsapp_chat-1.png\" \/>\n<meta name=\"twitter:card\" content=\"summary_large_image\" \/>\n<meta name=\"twitter:label1\" content=\"Dur\u00e9e de lecture estim\u00e9e\" \/>\n\t<meta name=\"twitter:data1\" content=\"2 minutes\" \/>\n<script type=\"application\/ld+json\" class=\"yoast-schema-graph\">{\"@context\":\"https:\\\/\\\/schema.org\",\"@graph\":[{\"@type\":\"WebPage\",\"@id\":\"https:\\\/\\\/mollificioadriese.com\\\/fr\\\/contacts\\\/\",\"url\":\"https:\\\/\\\/mollificioadriese.com\\\/fr\\\/contacts\\\/\",\"name\":\"Contacts - Mollificio Adriese\",\"isPartOf\":{\"@id\":\"https:\\\/\\\/mollificioadriese.com\\\/#website\"},\"primaryImageOfPage\":{\"@id\":\"https:\\\/\\\/mollificioadriese.com\\\/fr\\\/contacts\\\/#primaryimage\"},\"image\":{\"@id\":\"https:\\\/\\\/mollificioadriese.com\\\/fr\\\/contacts\\\/#primaryimage\"},\"thumbnailUrl\":\"https:\\\/\\\/mollificioadriese.com\\\/wp-content\\\/uploads\\\/2023\\\/04\\\/whatsapp_chat-1.png\",\"datePublished\":\"2016-11-07T09:47:28+00:00\",\"dateModified\":\"2023-04-11T08:15:29+00:00\",\"breadcrumb\":{\"@id\":\"https:\\\/\\\/mollificioadriese.com\\\/fr\\\/contacts\\\/#breadcrumb\"},\"inLanguage\":\"fr-FR\",\"potentialAction\":[{\"@type\":\"ReadAction\",\"target\":[\"https:\\\/\\\/mollificioadriese.com\\\/fr\\\/contacts\\\/\"]}]},{\"@type\":\"ImageObject\",\"inLanguage\":\"fr-FR\",\"@id\":\"https:\\\/\\\/mollificioadriese.com\\\/fr\\\/contacts\\\/#primaryimage\",\"url\":\"https:\\\/\\\/mollificioadriese.com\\\/wp-content\\\/uploads\\\/2023\\\/04\\\/whatsapp_chat-1.png\",\"contentUrl\":\"https:\\\/\\\/mollificioadriese.com\\\/wp-content\\\/uploads\\\/2023\\\/04\\\/whatsapp_chat-1.png\"},{\"@type\":\"BreadcrumbList\",\"@id\":\"https:\\\/\\\/mollificioadriese.com\\\/fr\\\/contacts\\\/#breadcrumb\",\"itemListElement\":[{\"@type\":\"ListItem\",\"position\":1,\"name\":\"Home\",\"item\":\"https:\\\/\\\/mollificioadriese.com\\\/fr\\\/\"},{\"@type\":\"ListItem\",\"position\":2,\"name\":\"CONTATTI\"}]},{\"@type\":\"WebSite\",\"@id\":\"https:\\\/\\\/mollificioadriese.com\\\/#website\",\"url\":\"https:\\\/\\\/mollificioadriese.com\\\/\",\"name\":\"Mollificio Adriese\",\"description\":\"\",\"potentialAction\":[{\"@type\":\"SearchAction\",\"target\":{\"@type\":\"EntryPoint\",\"urlTemplate\":\"https:\\\/\\\/mollificioadriese.com\\\/?s={search_term_string}\"},\"query-input\":{\"@type\":\"PropertyValueSpecification\",\"valueRequired\":true,\"valueName\":\"search_term_string\"}}],\"inLanguage\":\"fr-FR\"}]}<\/script>\n<!-- \/ Yoast SEO plugin. -->","yoast_head_json":{"title":"Contacts - Mollificio Adriese","robots":{"index":"index","follow":"follow","max-snippet":"max-snippet:-1","max-image-preview":"max-image-preview:large","max-video-preview":"max-video-preview:-1"},"canonical":"https:\/\/mollificioadriese.com\/fr\/contacts\/","og_locale":"fr_FR","og_type":"article","og_title":"Contacts - Mollificio Adriese","og_url":"https:\/\/mollificioadriese.com\/fr\/contacts\/","og_site_name":"Mollificio Adriese","article_modified_time":"2023-04-11T08:15:29+00:00","og_image":[{"url":"https:\/\/mollificioadriese.com\/wp-content\/uploads\/2023\/04\/whatsapp_chat-1.png","type":"","width":"","height":""}],"twitter_card":"summary_large_image","twitter_misc":{"Dur\u00e9e de lecture estim\u00e9e":"2 minutes"},"schema":{"@context":"https:\/\/schema.org","@graph":[{"@type":"WebPage","@id":"https:\/\/mollificioadriese.com\/fr\/contacts\/","url":"https:\/\/mollificioadriese.com\/fr\/contacts\/","name":"Contacts - Mollificio Adriese","isPartOf":{"@id":"https:\/\/mollificioadriese.com\/#website"},"primaryImageOfPage":{"@id":"https:\/\/mollificioadriese.com\/fr\/contacts\/#primaryimage"},"image":{"@id":"https:\/\/mollificioadriese.com\/fr\/contacts\/#primaryimage"},"thumbnailUrl":"https:\/\/mollificioadriese.com\/wp-content\/uploads\/2023\/04\/whatsapp_chat-1.png","datePublished":"2016-11-07T09:47:28+00:00","dateModified":"2023-04-11T08:15:29+00:00","breadcrumb":{"@id":"https:\/\/mollificioadriese.com\/fr\/contacts\/#breadcrumb"},"inLanguage":"fr-FR","potentialAction":[{"@type":"ReadAction","target":["https:\/\/mollificioadriese.com\/fr\/contacts\/"]}]},{"@type":"ImageObject","inLanguage":"fr-FR","@id":"https:\/\/mollificioadriese.com\/fr\/contacts\/#primaryimage","url":"https:\/\/mollificioadriese.com\/wp-content\/uploads\/2023\/04\/whatsapp_chat-1.png","contentUrl":"https:\/\/mollificioadriese.com\/wp-content\/uploads\/2023\/04\/whatsapp_chat-1.png"},{"@type":"BreadcrumbList","@id":"https:\/\/mollificioadriese.com\/fr\/contacts\/#breadcrumb","itemListElement":[{"@type":"ListItem","position":1,"name":"Home","item":"https:\/\/mollificioadriese.com\/fr\/"},{"@type":"ListItem","position":2,"name":"CONTATTI"}]},{"@type":"WebSite","@id":"https:\/\/mollificioadriese.com\/#website","url":"https:\/\/mollificioadriese.com\/","name":"Mollificio Adriese","description":"","potentialAction":[{"@type":"SearchAction","target":{"@type":"EntryPoint","urlTemplate":"https:\/\/mollificioadriese.com\/?s={search_term_string}"},"query-input":{"@type":"PropertyValueSpecification","valueRequired":true,"valueName":"search_term_string"}}],"inLanguage":"fr-FR"}]}},"_links":{"self":[{"href":"https:\/\/mollificioadriese.com\/fr\/wp-json\/wp\/v2\/pages\/2242","targetHints":{"allow":["GET"]}}],"collection":[{"href":"https:\/\/mollificioadriese.com\/fr\/wp-json\/wp\/v2\/pages"}],"about":[{"href":"https:\/\/mollificioadriese.com\/fr\/wp-json\/wp\/v2\/types\/page"}],"author":[{"embeddable":true,"href":"https:\/\/mollificioadriese.com\/fr\/wp-json\/wp\/v2\/users\/1"}],"replies":[{"embeddable":true,"href":"https:\/\/mollificioadriese.com\/fr\/wp-json\/wp\/v2\/comments?post=2242"}],"version-history":[{"count":7,"href":"https:\/\/mollificioadriese.com\/fr\/wp-json\/wp\/v2\/pages\/2242\/revisions"}],"predecessor-version":[{"id":3511,"href":"https:\/\/mollificioadriese.com\/fr\/wp-json\/wp\/v2\/pages\/2242\/revisions\/3511"}],"wp:attachment":[{"href":"https:\/\/mollificioadriese.com\/fr\/wp-json\/wp\/v2\/media?parent=2242"}],"curies":[{"name":"wp","href":"https:\/\/api.w.org\/{rel}","templated":true}]}}